{"id":815,"date":"2015-08-13T12:49:13","date_gmt":"2015-08-13T12:49:13","guid":{"rendered":"http:\/\/www.transilvanialactate.ro\/de\/produse\/"},"modified":"2015-08-25T13:39:20","modified_gmt":"2015-08-25T13:39:20","slug":"produkte","status":"publish","type":"page","link":"https:\/\/www.transilvanialactate.ro\/de\/produkte\/","title":{"rendered":"Produkte"},"content":{"rendered":"<div class=\"clearfix\"><\/div>\r\n<div class=\"col-md-6 col-md-push-3 arrow-product-bottom\"><\/div>\r\n<div class=\"clearfix\"><\/div>\n<p>&nbsp;<\/p>\n<div class=\"row\">\n<div class=\"col-md-10 col-md-push-1\">\n<p style=\"text-align: justify;\">Die \u201eTransilvania Lactate\u201c-Produkte entstehen in der Symbiose einer\u00a0 wundersch\u00f6nen Natur, der Lebensfreude der Bewohner und der siebenb\u00fcrgischen Geschichte mit lokalen Traditionen.<\/p>\n<p style=\"text-align: justify;\">Wir haben es bei \u201eTransilvania Lactate\u201c geschafft, die au\u00dfergew\u00f6hnliche Kraft der B\u00fcffelmilch mit dem zarten Geschmack zu verbinden. Wir freuen uns, jedes Produkt nach traditionellen Rezepten mit Unterst\u00fctzung modernster Technologie und ausgezeichneten Fachleuten entwickeln zu k\u00f6nnen.<\/p>\n<p style=\"text-align: justify;\">Die B\u00fcffelmilch wird zu verschiedenen Produkten verarbeitet, die sowohl in allen Herstellungsphasen, als auch w\u00e4hrend des gesamten Vertriebsweges sorgf\u00e4ltig gepr\u00fcft werden. Wir verwenden modernste Technologien und Standards inmitten einer der sch\u00f6nsten kulturell- und naturbewussten Region Rum\u00e4niens.<\/p>\n<p style=\"text-align: justify;\">Mit einem hohen Vitamin A- und Mineralienanteil, 40% weniger Cholesterin und 60% mehr Kalzium in Vergleich zu herk\u00f6mmlicher Kuhmilch, unterst\u00fctzen B\u00fcffelmilchprodukte die gesunde Entwicklung der Z\u00e4hne und des Knochensystems und st\u00e4rken zugleich die Abwehrkr\u00e4fte.<\/p>\n<p style=\"text-align: justify;\">Neben ihren hohen N\u00e4hrwerten und gesundheitlichen Qualit\u00e4ten z\u00e4hlen unsere Produkte aber auch zu den spektakul\u00e4rsten Geschmackserfahrungen. Ob allein aufgetischt oder kombiniert mit ger\u00f6steten Granolla, aromatischen Fr\u00fcchten, frischem Basilikum und saftige Tomaten, mit kalt gepressten \u00d6len oder in traditionellen Pizza\u00f6fen gebacken, geh\u00f6ren die \u201eTransilvania Lactate\u201c- Produkten einfach zum sch\u00f6nen Leben dazu.<\/p>\n<p style=\"text-align: center;\">Wir laden Sie herzlich ein, unsere Produkte zu genie\u00dfen,<\/p>\n<p style=\"text-align: center;\">Ihr \u201eTransilvania Lactate\u201c- Team<\/p>\n<\/div>\n<\/div>\n","protected":false},"excerpt":{"rendered":"<p>&nbsp;<\/p>\n","protected":false},"author":2,"featured_media":0,"parent":0,"menu_order":0,"comment_status":"open","ping_status":"open","template":"page-produse-archive.php","meta":{"footnotes":""},"acf":[],"_links":{"self":[{"href":"https:\/\/www.transilvanialactate.ro\/de\/wp-json\/wp\/v2\/pages\/815"}],"collection":[{"href":"https:\/\/www.transilvanialactate.ro\/de\/wp-json\/wp\/v2\/pages"}],"about":[{"href":"https:\/\/www.transilvanialactate.ro\/de\/wp-json\/wp\/v2\/types\/page"}],"author":[{"embeddable":true,"href":"https:\/\/www.transilvanialactate.ro\/de\/wp-json\/wp\/v2\/users\/2"}],"replies":[{"embeddable":true,"href":"https:\/\/www.transilvanialactate.ro\/de\/wp-json\/wp\/v2\/comments?post=815"}],"version-history":[{"count":3,"href":"https:\/\/www.transilvanialactate.ro\/de\/wp-json\/wp\/v2\/pages\/815\/revisions"}],"predecessor-version":[{"id":818,"href":"https:\/\/www.transilvanialactate.ro\/de\/wp-json\/wp\/v2\/pages\/815\/revisions\/818"}],"wp:attachment":[{"href":"https:\/\/www.transilvanialactate.ro\/de\/wp-json\/wp\/v2\/media?parent=815"}],"curies":[{"name":"wp","href":"https:\/\/api.w.org\/{rel}","templated":true}]}}