{"id":959,"date":"2015-07-24T09:47:20","date_gmt":"2015-07-24T09:47:20","guid":{"rendered":"http:\/\/www.transilvanialactate.ro\/de\/contact\/"},"modified":"2023-09-21T12:29:49","modified_gmt":"2023-09-21T12:29:49","slug":"kontakt","status":"publish","type":"page","link":"https:\/\/www.transilvanialactate.ro\/de\/kontakt\/","title":{"rendered":"Kontakt"},"content":{"rendered":"<div class=\"row\">\n<div class=\"col-md-10 col-md-push-1\">\n<p style=\"text-align: center;\"><h2 style=\"color:#b49759; text-align:center\" class=\"heading-shortcode\">Koordinaten<\/h2>\n<div class=\"clearfix\"><\/div>\r\n<div class=\"col-md-6 col-md-push-3 arrow-product-bottom\"><\/div>\r\n<div class=\"clearfix\"><\/div>\n<\/div>\n<\/div>\n<div class=\"row\">\n<div class=\"col-md-10 col-md-push-1\">\n<p>die Herstellung<\/p>\n<\/div>\n<\/div><div class=\"row position-relative\"><div class=\"vertical-divider hidden-xs hidden-sm\"><\/div>\n<div class=\"col-md-5 col-md-push-1\">\n<p>Transilvania Lactate Molkerei befindet sich in der Ortschaft Rupea, 65 Km von Brasov entfernt in Richtung Sch\u00e4\u00dfburg. Die Molkerei ist auch direkt an der Ortschaft Rupea \u00fcber E60 zug\u00e4nglich.<\/p>\n<p style=\"text-align: justify;\">Adresse:<br \/>\n29A, T\u00e2rgului Stra\u00dfe, Rupea, Kreis Bra\u015fov, 505500, Rum\u00e4nien<\/p>\n<p style=\"text-align: justify;\">GPS:<br \/>\nLatitude: 46.035846 Longitude: 25.233154<br \/>\n<\/div>\n<div class=\"col-md-5 col-md-push-1\">\n\n<\/div>\n<\/div>\n<p>&nbsp;<\/p>\n<div class=\"row\">\n<div class=\"col-md-10 col-md-push-1\">\n<p>die Farm<\/p>\n<\/div>\n<\/div><div class=\"row position-relative\"><div class=\"vertical-divider hidden-xs hidden-sm\"><\/div>\n<div class=\"col-md-5 col-md-push-1\">\n<p>Die \u201eTransilvania Lactate\u201c- Farm befindet sich am Eingang der Ortschaft Meschendorf, 6 Km von Kritz entfernt. Sie liegt direkt an der Ortschaft Kritz, die \u00fcber die E60 zwischen Bra\u015fov und Sch\u00e4\u00dfburg zug\u00e4nglich ist.<\/p>\n<p style=\"text-align: justify;\">Korrespondenzadresse:<br \/>\n29A, T\u00e2rgului Stra\u00dfe, Rupea, Kreis Bra\u015fov, 505500, Rum\u00e4nien<\/p>\n<p style=\"text-align: justify;\">GPS:<br \/>\nLatitude: 46.117721 Longitude: 25.013315<\/p>\n<\/div>\n<div class=\"col-md-5 col-md-push-1\">\n\n<\/div>\n<\/div>\n<p>&nbsp;<\/p>\n<div class=\"row\">\n<div class=\"col-md-5 col-md-push-1\">\n<div id=\"attachment_542\" class=\"wp-caption \" style=\"width: 760px\"><img decoding=\"async\" loading=\"lazy\" class=\"wp-image-542\" src=\"https:\/\/www.transilvanialactate.ro\/wp-content\/uploads\/2015\/07\/contact-crit-kritz.jpg\" alt=\"Cri\u0163\" width=\"750\" height=\"590\" \/><span class=\"page-title\"><span>Cri\u0163<span class=\"page-title-line-right\" style=\"border-top-color: #ffffff\"><\/span><\/span><\/span><\/div>\n<\/div>\n<div class=\"col-md-5 col-md-push-1\">\n<div id=\"attachment_545\" class=\"wp-caption \" style=\"width: 760px\"><img decoding=\"async\" loading=\"lazy\" class=\"wp-image-545\" src=\"https:\/\/www.transilvanialactate.ro\/wp-content\/uploads\/2015\/07\/contact-mesendorf.jpg\" alt=\"Mesendorf\" width=\"750\" height=\"590\" \/><span class=\"page-title\"><span>Mesendorf<span class=\"page-title-line-right\" style=\"border-top-color: #ffffff\"><\/span><\/span><\/span><\/div>\n<\/div>\n<\/div>\n<div class=\"row\">\n<div class=\"col-md-10 col-md-push-1\">\n<p style=\"text-align: center;\"><h2 style=\"color:#b49759; text-align:center\" class=\"heading-shortcode\">Contact<\/h2>\n<div class=\"clearfix\"><\/div>\r\n<div class=\"col-md-6 col-md-push-3 arrow-product-bottom\"><\/div>\r\n<div class=\"clearfix\"><\/div><span class=\"visible-xs-block visible-sm-block visible-lg-block visible-md-block  font-arial\">\n<\/span><\/div>\n<\/div>\n<div class=\"row\">\n<div class=\"col-md-5 col-md-push-1\">\n<span class=\"visible-xs-block visible-sm-block visible-lg-block visible-md-block  font-arial\">\n<p style=\"text-align: center;\">S.C Transilvania Lactate S.R.L<br \/>\nCUI: RO 29465136;<br \/>\nNRC: J08\/1994\/2011<\/p>\n<p style=\"text-align: center;\">Ph\/Fax: <a href=\"tel:+40268260968\">+40 268.260.968<\/a><br \/>\nGSM: <a href=\"tel:+40745325889\">+40\u00a0745.325.889<\/a><br \/>\nemail: <a href=\"mailto:office@transilvanialactate.ro\">office@transilvanialactate.ro<\/a><br \/>\n<a href=\"https:\/\/www.transilvanialactate.ro\">www.transilvanialactate.ro<\/a><\/p>\n<\/span><\/div>\n<div class=\"col-md-5 col-md-push-1\">\n<span class=\"visible-xs-block visible-sm-block visible-lg-block visible-md-block  font-arial\">\n<p style=\"text-align: center;\"><u>Vertrieb<\/u><br \/>\nB\u00fcffel &#8211; Eselsmilch UG (haftungsbeschr\u00e4nkt)<br \/>\nAntoniusstra\u00dfe 15a<br \/>\n9331 Burgau<\/p>\n<p style=\"text-align: center;\">Tel. <a href=\"tel:+491713411808\">+49 1713411808<\/a><br \/>\nTel. <a href=\"tel:+491735799039\">+49 1735799039<\/a><br \/>\nemail: <a href=\"mailto:bueffel-eselsmilch@outlook.de\">bueffel-eselsmilch@outlook.de<\/a><br \/>\nGesch\u00e4ftsf\u00fchrer Roland Plitzner<\/p>\n<\/span><\/div>\n<\/div>\n","protected":false},"excerpt":{"rendered":"<p>&nbsp; &nbsp;<\/p>\n","protected":false},"author":1,"featured_media":0,"parent":0,"menu_order":0,"comment_status":"open","ping_status":"open","template":"","meta":{"footnotes":""},"acf":[],"_links":{"self":[{"href":"https:\/\/www.transilvanialactate.ro\/de\/wp-json\/wp\/v2\/pages\/959"}],"collection":[{"href":"https:\/\/www.transilvanialactate.ro\/de\/wp-json\/wp\/v2\/pages"}],"about":[{"href":"https:\/\/www.transilvanialactate.ro\/de\/wp-json\/wp\/v2\/types\/page"}],"author":[{"embeddable":true,"href":"https:\/\/www.transilvanialactate.ro\/de\/wp-json\/wp\/v2\/users\/1"}],"replies":[{"embeddable":true,"href":"https:\/\/www.transilvanialactate.ro\/de\/wp-json\/wp\/v2\/comments?post=959"}],"version-history":[{"count":10,"href":"https:\/\/www.transilvanialactate.ro\/de\/wp-json\/wp\/v2\/pages\/959\/revisions"}],"predecessor-version":[{"id":1468,"href":"https:\/\/www.transilvanialactate.ro\/de\/wp-json\/wp\/v2\/pages\/959\/revisions\/1468"}],"wp:attachment":[{"href":"https:\/\/www.transilvanialactate.ro\/de\/wp-json\/wp\/v2\/media?parent=959"}],"curies":[{"name":"wp","href":"https:\/\/api.w.org\/{rel}","templated":true}]}}